{"id":431,"date":"2025-12-02T15:59:51","date_gmt":"2025-12-02T15:59:51","guid":{"rendered":"https:\/\/ermessistemas.com.br\/?post_type=product&#038;p=431"},"modified":"2025-12-02T16:23:22","modified_gmt":"2025-12-02T16:23:22","slug":"e-book-naturopatia-introducao","status":"publish","type":"product","link":"https:\/\/ermessistemas.com.br\/en\/product\/e-book-naturopatia-introducao\/","title":{"rendered":"E-BOOK NATUROPATIA &#8211; INTRODU\u00c7\u00c3O"},"content":{"rendered":"<h3><b>A Medicina da Natureza: E-book Naturopatia \u2013 Geoterapia, Desintoxica\u00e7\u00e3o e Cura Integral (Carga Hor\u00e1ria: 60h)<\/b><\/h3>\n<p>&nbsp;<\/p>\n<p data-path-to-node=\"4\">Voc\u00ea est\u00e1 pronto para dominar a filosofia da Naturopatia, a arte e a ci\u00eancia de utilizar m\u00e9todos naturais \u2013 como a poderosa Geoterapia (uso de argila) \u2013 para estimular a capacidade de autocura do corpo?<\/p>\n<p data-path-to-node=\"5\">O E-book <b>&#8220;Naturopatia \u2013 Introdu\u00e7\u00e3o&#8221;<\/b> do Instituto Ermes \u00e9 o seu curso essencial de <b>60 horas<\/b> que explora a abordagem hol\u00edstica e a filosofia de que <b>a Natureza \u00e9 a principal curadora<\/b>. Este material \u00e9 fundamental para entender a Naturopatia como uma das <b>Pr\u00e1ticas Integrativas e Complementares (PICS)<\/b> mais abrangentes, com foco na preven\u00e7\u00e3o, desintoxica\u00e7\u00e3o e no equil\u00edbrio emocional.<\/p>\n<p data-path-to-node=\"6\"><b>Neste E-book de Introdu\u00e7\u00e3o, Voc\u00ea Ir\u00e1 Aprender:<\/b><\/p>\n<ul data-path-to-node=\"7\">\n<li>\n<p data-path-to-node=\"7,0,0\"><b>Os Princ\u00edpios da Naturopatia:<\/b> Entenda a base filos\u00f3fica que prioriza a causa do problema, utiliza terapias n\u00e3o invasivas e acredita na capacidade inata de recupera\u00e7\u00e3o do organismo.<\/p>\n<\/li>\n<li>\n<p data-path-to-node=\"7,1,0\"><b>Geoterapia: O Poder da Argila:<\/b> Aprofunde-se na Geoterapia, uma das ferramentas centrais da Naturopatia. Aprenda como a argila pode ser usada para:<\/p>\n<ul data-path-to-node=\"7,1,1\">\n<li>\n<p data-path-to-node=\"7,1,1,0,0\"><b>Desintoxica\u00e7\u00e3o e Purifica\u00e7\u00e3o:<\/b> Remo\u00e7\u00e3o de impurezas da pele e fortalecimento do sistema imunol\u00f3gico.<\/p>\n<\/li>\n<li>\n<p data-path-to-node=\"7,1,1,1,0\"><b>Al\u00edvio de Dores e Inflama\u00e7\u00f5es:<\/b> A aplica\u00e7\u00e3o de argila quente para dores musculares e articulares.<\/p>\n<\/li>\n<li>\n<p data-path-to-node=\"7,1,1,2,0\"><b>Beleza Natural:<\/b> Deixando a pele mais suave, firme e radiante.<\/p>\n<\/li>\n<li>\n<p data-path-to-node=\"7,1,1,3,0\"><b>Equil\u00edbrio Emocional:<\/b> Promovendo um efeito calmante e meditativo.<\/p>\n<\/li>\n<\/ul>\n<\/li>\n<li>\n<p data-path-to-node=\"7,2,0\"><b>\u00c9tica e Seguran\u00e7a na Aplica\u00e7\u00e3o:<\/b> O material instrui sobre a import\u00e2ncia da <b>avalia\u00e7\u00e3o preliminar<\/b> para identificar alergias e sensibilidades, garantindo que os terapeutas forne\u00e7am tratamentos <b>eficazes e \u00e9ticos<\/b>.<\/p>\n<\/li>\n<li>\n<p data-path-to-node=\"7,3,0\"><b>Naturopatia no Contexto PICS:<\/b> Descubra como esta pr\u00e1tica se integra perfeitamente com o <b>M\u00e9todo Ermes Bioenerg\u00e9tica<\/b> e outras terapias complementares.<\/p>\n<\/li>\n<\/ul>\n<p data-path-to-node=\"8\"><b>Adquira agora<\/b> e inicie sua jornada para atuar com a sabedoria da Natureza, oferecendo um cuidado integral, \u00e9tico e fundamentado!<\/p>","protected":false},"excerpt":{"rendered":"<p>A Medicina da Natureza: E-book Naturopatia \u2013 Geoterapia, Desintoxica\u00e7\u00e3o e Cura Integral (Carga Hor\u00e1ria: 60h) &nbsp; Voc\u00ea est\u00e1 pronto para dominar a filosofia da Naturopatia, a arte e a ci\u00eancia &hellip; <\/p>","protected":false},"featured_media":451,"comment_status":"open","ping_status":"closed","template":"","meta":{"_joinchat":[]},"product_cat":[24,32],"product_tag":[],"class_list":["post-431","product","type-product","status-publish","has-post-thumbnail","hentry","product_cat-sem-categoria","product_cat-novos-ebooks"],"_links":{"self":[{"href":"https:\/\/ermessistemas.com.br\/en\/wp-json\/wp\/v2\/product\/431","targetHints":{"allow":["GET"]}}],"collection":[{"href":"https:\/\/ermessistemas.com.br\/en\/wp-json\/wp\/v2\/product"}],"about":[{"href":"https:\/\/ermessistemas.com.br\/en\/wp-json\/wp\/v2\/types\/product"}],"replies":[{"embeddable":true,"href":"https:\/\/ermessistemas.com.br\/en\/wp-json\/wp\/v2\/comments?post=431"}],"wp:featuredmedia":[{"embeddable":true,"href":"https:\/\/ermessistemas.com.br\/en\/wp-json\/wp\/v2\/media\/451"}],"wp:attachment":[{"href":"https:\/\/ermessistemas.com.br\/en\/wp-json\/wp\/v2\/media?parent=431"}],"wp:term":[{"taxonomy":"product_cat","embeddable":true,"href":"https:\/\/ermessistemas.com.br\/en\/wp-json\/wp\/v2\/product_cat?post=431"},{"taxonomy":"product_tag","embeddable":true,"href":"https:\/\/ermessistemas.com.br\/en\/wp-json\/wp\/v2\/product_tag?post=431"}],"curies":[{"name":"wp","href":"https:\/\/api.w.org\/{rel}","templated":true}]}}