{"id":423,"date":"2025-12-02T15:59:51","date_gmt":"2025-12-02T15:59:51","guid":{"rendered":"https:\/\/ermessistemas.com.br\/?post_type=product&#038;p=423"},"modified":"2025-12-02T17:44:57","modified_gmt":"2025-12-02T17:44:57","slug":"ebook-aromoterapia-introducao","status":"publish","type":"product","link":"https:\/\/ermessistemas.com.br\/en\/product\/ebook-aromoterapia-introducao\/","title":{"rendered":"EBOOK AROMOTERAPIA INTRODU\u00c7\u00c3O"},"content":{"rendered":"<h5><b>A Ess\u00eancia da Cura: E-book Aromaterapia \u2013 Do Olfato \u00e0 Biologia Celular (Carga Hor\u00e1ria: 120h)<\/b><\/h5>\n<p data-path-to-node=\"4\">Voc\u00ea sabia que o poder de um aroma vai muito al\u00e9m de uma simples sensa\u00e7\u00e3o de bem-estar? Ele tem a capacidade de influenciar processos biol\u00f3gicos complexos, desde a emo\u00e7\u00e3o at\u00e9 o fortalecimento \u00f3sseo e muscular!<\/p>\n<p data-path-to-node=\"5\">O E-book <b>&#8220;Aromaterapia \u2013 Instrutor&#8221;<\/b> do Instituto Ermes \u00e9 um curso completo de <b>120 horas<\/b> que o levar\u00e1 das bases da Aromaterapia \u00e0 sua aplica\u00e7\u00e3o mais avan\u00e7ada e integrada. Voc\u00ea aprender\u00e1 como a ci\u00eancia dos \u00f3leos essenciais se harmoniza com as <b>Pr\u00e1ticas Integrativas e Complementares em Sa\u00fade (PICS)<\/b> e o rigor do <b>M\u00e9todo Ermes Bioenerg\u00e9tica<\/b>.<\/p>\n<p data-path-to-node=\"6\"><b>Neste E-book, Voc\u00ea Ir\u00e1 Descobrir:<\/b><\/p>\n<ul data-path-to-node=\"7\">\n<li>\n<p data-path-to-node=\"7,0,0\"><b>A Conex\u00e3o Olfato-C\u00e9rebro:<\/b> Como os \u00f3leos essenciais atuam diretamente no sistema l\u00edmbico, influenciando o humor, a mem\u00f3ria e a emo\u00e7\u00e3o, promovendo al\u00edvio do estresse e melhorando a qualidade de vida.<\/p>\n<\/li>\n<li>\n<p data-path-to-node=\"7,1,0\"><b>A A\u00e7\u00e3o Sist\u00eamica dos \u00d3leos:<\/b> Explore o potencial dos \u00f3leos essenciais para al\u00e9m do arom\u00e1tico. O e-book aprofunda-se em aspectos como a a\u00e7\u00e3o <b>antioxidante<\/b> e o papel de amino\u00e1cidos essenciais (como Isoleucina, Leucina e Triptofano) no fortalecimento dos ossos, crescimento muscular e na diminui\u00e7\u00e3o de riscos cardiovasculares.<\/p>\n<\/li>\n<li>\n<p data-path-to-node=\"7,2,0\"><b>Integra\u00e7\u00e3o com a Bioenerg\u00e9tica:<\/b> Entenda como a Aromaterapia \u00e9 utilizada no <b>M\u00e9todo Ermes<\/b> como uma Bioterapia complementar, inclusive na pesquisa de desequil\u00edbrios, como o <b>parasitismo nos \u00f3rg\u00e3os<\/b> (com men\u00e7\u00e3o a microscopia de luz para observa\u00e7\u00e3o celular).<\/p>\n<\/li>\n<li>\n<p data-path-to-node=\"7,3,0\"><b>A Pr\u00e1tica \u00c9tica e Segura:<\/b> Prepare-se com o conhecimento t\u00e9cnico necess\u00e1rio para evitar o uso inadequado de \u00f3leos essenciais, garantindo a seguran\u00e7a e efic\u00e1cia no seu atendimento.<\/p>\n<\/li>\n<\/ul>\n<p data-path-to-node=\"8\">Seja voc\u00ea um terapeuta experiente ou um profissional da sa\u00fade em busca de novas ferramentas, este e-book \u00e9 a sua porta de entrada para uma pr\u00e1tica de Aromaterapia informada, segura e com uma vis\u00e3o biol\u00f3gica e hol\u00edstica.<\/p>\n<p data-path-to-node=\"9\"><b>Adquira agora e utilize a ess\u00eancia da natureza para transformar a sa\u00fade!<\/b><\/p>","protected":false},"excerpt":{"rendered":"<p data-path-to-node=\"12\"><b>E-book Aromaterapia | PICS, A\u00e7\u00e3o Sist\u00eamica e M\u00e9todo Ermes (120h)<\/b><\/p>\n<p data-path-to-node=\"13\">Curso introdut\u00f3rio de <b>Aromaterapia<\/b> (120h) focado em sua integra\u00e7\u00e3o com as <b>PICS<\/b> e o <b>M\u00e9todo Ermes Bioenerg\u00e9tica<\/b>. O conte\u00fado aborda a influ\u00eancia dos \u00f3leos essenciais na emo\u00e7\u00e3o, a\u00e7\u00e3o antioxidante e apoio nutricional (amino\u00e1cidos). Essencial para terapeutas que buscam utilizar a Aromaterapia como Bioterapia no trabalho com a sa\u00fade integral e celular.<\/p>","protected":false},"featured_media":443,"comment_status":"open","ping_status":"closed","template":"","meta":{"_joinchat":[]},"product_cat":[24,32],"product_tag":[],"class_list":["post-423","product","type-product","status-publish","has-post-thumbnail","hentry","product_cat-sem-categoria","product_cat-novos-ebooks"],"_links":{"self":[{"href":"https:\/\/ermessistemas.com.br\/en\/wp-json\/wp\/v2\/product\/423","targetHints":{"allow":["GET"]}}],"collection":[{"href":"https:\/\/ermessistemas.com.br\/en\/wp-json\/wp\/v2\/product"}],"about":[{"href":"https:\/\/ermessistemas.com.br\/en\/wp-json\/wp\/v2\/types\/product"}],"replies":[{"embeddable":true,"href":"https:\/\/ermessistemas.com.br\/en\/wp-json\/wp\/v2\/comments?post=423"}],"wp:featuredmedia":[{"embeddable":true,"href":"https:\/\/ermessistemas.com.br\/en\/wp-json\/wp\/v2\/media\/443"}],"wp:attachment":[{"href":"https:\/\/ermessistemas.com.br\/en\/wp-json\/wp\/v2\/media?parent=423"}],"wp:term":[{"taxonomy":"product_cat","embeddable":true,"href":"https:\/\/ermessistemas.com.br\/en\/wp-json\/wp\/v2\/product_cat?post=423"},{"taxonomy":"product_tag","embeddable":true,"href":"https:\/\/ermessistemas.com.br\/en\/wp-json\/wp\/v2\/product_tag?post=423"}],"curies":[{"name":"wp","href":"https:\/\/api.w.org\/{rel}","templated":true}]}}