{"id":421,"date":"2025-12-02T15:59:51","date_gmt":"2025-12-02T15:59:51","guid":{"rendered":"https:\/\/ermessistemas.com.br\/?post_type=product&#038;p=421"},"modified":"2025-12-02T16:23:22","modified_gmt":"2025-12-02T16:23:22","slug":"ebook-fitoterapia","status":"publish","type":"product","link":"https:\/\/ermessistemas.com.br\/en\/product\/ebook-fitoterapia\/","title":{"rendered":"EBOOK FITOTERAPIA"},"content":{"rendered":"<p data-path-to-node=\"4\"><span data-path-to-node=\"4,0\"><b><span class=\"citation-146\">T\u00edtulo: Ra\u00edzes da Cura: E-book Fitoterapia \u2013 Ci\u00eancia, Legisla\u00e7\u00e3o e Pr\u00e1tica Integrativa (Carga Hor\u00e1ria: 90h)<\/span><\/b> <\/span><\/p>\n<p data-path-to-node=\"5\">Voc\u00ea est\u00e1 pronto para reconectar-se com a sabedoria ancestral das plantas, utilizando-a com o rigor e a seguran\u00e7a da ci\u00eancia moderna?<\/p>\n<p data-path-to-node=\"6\"><span data-path-to-node=\"6,0\">O E-book <b>&#8220;Fitoterapia \u2013 Instrutor&#8221;<\/b> do Instituto Ermes \u00e9 o seu guia t\u00e9cnico, \u00e9tico e legal para dominar a arte e a ci\u00eancia dos fitoter\u00e1picos. <\/span><span data-path-to-node=\"6,2\"><span class=\"citation-145\">Este material essencial <\/span><\/span><span data-path-to-node=\"6,5\"><span class=\"citation-144\">n\u00e3o s\u00f3 explora a rica hist\u00f3ria da fitoterapia (desde os sum\u00e9rios e eg\u00edpcios <\/span><\/span><span data-path-to-node=\"6,8\"><span class=\"citation-143\">at\u00e9 a Medicina Tradicional Chinesa <\/span><\/span><span data-path-to-node=\"6,10\">), como tamb\u00e9m a insere no rigoroso contexto da sa\u00fade p\u00fablica brasileira.<\/span><\/p>\n<p data-path-to-node=\"7\"><b>O Que Esperar Deste Conte\u00fado Especializado:<\/b><\/p>\n<ul data-path-to-node=\"8\">\n<li>\n<p data-path-to-node=\"8,0,1\"><span data-path-to-node=\"8,0,1,0\"><b><span class=\"citation-142\">Enquadramento Legal no SUS:<\/span><\/b><span class=\"citation-142\"> Entenda a Fitoterapia como uma pr\u00e1tica leg\u00edtima e reconhecida <\/span><\/span><span data-path-to-node=\"8,0,1,3\"><span class=\"citation-141\">no Sistema \u00danico de Sa\u00fade (SUS), atrav\u00e9s da <\/span><b><span class=\"citation-141\">Pol\u00edtica Nacional de Pr\u00e1ticas Integrativas e Complementares (PNPIC)<\/span><\/b><\/span><span data-path-to-node=\"8,0,1,5\">.<\/span><\/p>\n<\/li>\n<li>\n<p data-path-to-node=\"8,1,1\"><span data-path-to-node=\"8,1,1,0\"><b><span class=\"citation-140\">Seguran\u00e7a e Regulamenta\u00e7\u00e3o (ANVISA):<\/span><\/b><span class=\"citation-140\"> Domine os conceitos de medicamento fitoter\u00e1pico <\/span><\/span><span data-path-to-node=\"8,1,1,3\"><span class=\"citation-139\">e a import\u00e2ncia do registro e controle de qualidade da <\/span><b><span class=\"citation-139\">ANVISA<\/span><\/b><\/span><span data-path-to-node=\"8,1,1,5\">. <\/span><span data-path-to-node=\"8,1,1,7\"><span class=\"citation-138\">Este conhecimento \u00e9 crucial para uma atua\u00e7\u00e3o segura e \u00e9tica<\/span><\/span><span data-path-to-node=\"8,1,1,9\">.<\/span><\/p>\n<\/li>\n<li>\n<p data-path-to-node=\"8,2,1\"><span data-path-to-node=\"8,2,1,0\"><b><span class=\"citation-137\">Aplica\u00e7\u00f5es Cl\u00ednicas e Hol\u00edsticas:<\/span><\/b><span class=\"citation-137\"> Conhe\u00e7a as diversas doen\u00e7as e condi\u00e7\u00f5es que podem ser tratadas de forma complementar, incluindo ansiedade, ins\u00f4nia, problemas digestivos, inflama\u00e7\u00f5es e dist\u00farbios hormonais<\/span><\/span><span data-path-to-node=\"8,2,1,2\">.<\/span><\/p>\n<div class=\"source-inline-chip-container ng-star-inserted\"><\/div>\n<\/li>\n<li>\n<p data-path-to-node=\"8,3,1\"><span data-path-to-node=\"8,3,1,0\"><b><span class=\"citation-136\">Integra\u00e7\u00e3o com PICS e Bioenerg\u00e9tica:<\/span><\/b><span class=\"citation-136\"> Aprenda como a Fitoterapia serve como uma ferramenta complementar a outras terapias integrativas, sendo essencial para o trabalho com o <\/span><b><span class=\"citation-136\">M\u00e9todo Ermes Bioenerg\u00e9tica<\/span><\/b><\/span><span data-path-to-node=\"8,3,1,2\">.<\/span><\/p>\n<div class=\"source-inline-chip-container ng-star-inserted\"><\/div>\n<\/li>\n<\/ul>\n<p data-path-to-node=\"9\"><span data-path-to-node=\"9,0\"><b>Construa uma Pr\u00e1tica Segura e Respons\u00e1vel:<\/b> <\/span><span data-path-to-node=\"9,2\"><span class=\"citation-135\">O e-book refor\u00e7a que o conhecimento em fitoter\u00e1picos exige forma\u00e7\u00e3o t\u00e9cnica espec\u00edfica <\/span><\/span><span data-path-to-node=\"9,5\"><span class=\"citation-134\">, prevenindo os s\u00e9rios riscos de intera\u00e7\u00f5es medicamentosas, toxicidade e automedica\u00e7\u00e3o<\/span><\/span><span data-path-to-node=\"9,7\">.<\/span><\/p>\n<p data-path-to-node=\"10\"><b>Adquira agora<\/b> e transforme seu conhecimento sobre plantas medicinais em uma pr\u00e1tica profissional qualificada, \u00e9tica e cientificamente embasada!<\/p>","protected":false},"excerpt":{"rendered":"<p data-path-to-node=\"13\"><b>E-book Fitoterapia Essencial | PICS, Legisla\u00e7\u00e3o ANVISA e Pr\u00e1tica Segura (90h)<\/b><\/p>\n<p data-path-to-node=\"14\"><span data-path-to-node=\"14,1\"><span class=\"citation-133\">Guia t\u00e9cnico de 90 horas <\/span><\/span><span data-path-to-node=\"14,3\"> sobre <b>Fitoterapia<\/b> e seu papel nas <b>PICS<\/b> do SUS. <\/span><span data-path-to-node=\"14,5\"><span class=\"citation-132\">Aborda a legisla\u00e7\u00e3o brasileira (PNPIC, ANVISA), o enquadramento profissional (CNAE, Nutricionistas &#8211; CFN <\/span><\/span><span data-path-to-node=\"14,8\"><span class=\"citation-131\">) e a import\u00e2ncia da forma\u00e7\u00e3o t\u00e9cnica espec\u00edfica<\/span><\/span><span data-path-to-node=\"14,10\">. <\/span><span data-path-to-node=\"14,12\"><span class=\"citation-130\">O conte\u00fado detalha riscos (intera\u00e7\u00f5es\/toxicidade) <\/span><\/span><span data-path-to-node=\"14,15\"><span class=\"citation-129\">e alerta que fitoter\u00e1picos s\u00e3o <\/span><b><span class=\"citation-129\">complementares<\/span><\/b><span class=\"citation-129\">, e n\u00e3o substitutos, do tratamento m\u00e9dico convencional<\/span><\/span><span data-path-to-node=\"14,17\">. Essencial para quem busca uma atua\u00e7\u00e3o segura e baseada em evid\u00eancias.<\/span><\/p>","protected":false},"featured_media":441,"comment_status":"open","ping_status":"closed","template":"","meta":{"_joinchat":[]},"product_cat":[24,32],"product_tag":[],"class_list":["post-421","product","type-product","status-publish","has-post-thumbnail","hentry","product_cat-sem-categoria","product_cat-novos-ebooks"],"_links":{"self":[{"href":"https:\/\/ermessistemas.com.br\/en\/wp-json\/wp\/v2\/product\/421","targetHints":{"allow":["GET"]}}],"collection":[{"href":"https:\/\/ermessistemas.com.br\/en\/wp-json\/wp\/v2\/product"}],"about":[{"href":"https:\/\/ermessistemas.com.br\/en\/wp-json\/wp\/v2\/types\/product"}],"replies":[{"embeddable":true,"href":"https:\/\/ermessistemas.com.br\/en\/wp-json\/wp\/v2\/comments?post=421"}],"wp:featuredmedia":[{"embeddable":true,"href":"https:\/\/ermessistemas.com.br\/en\/wp-json\/wp\/v2\/media\/441"}],"wp:attachment":[{"href":"https:\/\/ermessistemas.com.br\/en\/wp-json\/wp\/v2\/media?parent=421"}],"wp:term":[{"taxonomy":"product_cat","embeddable":true,"href":"https:\/\/ermessistemas.com.br\/en\/wp-json\/wp\/v2\/product_cat?post=421"},{"taxonomy":"product_tag","embeddable":true,"href":"https:\/\/ermessistemas.com.br\/en\/wp-json\/wp\/v2\/product_tag?post=421"}],"curies":[{"name":"wp","href":"https:\/\/api.w.org\/{rel}","templated":true}]}}