{"id":419,"date":"2025-12-02T15:59:51","date_gmt":"2025-12-02T15:59:51","guid":{"rendered":"https:\/\/ermessistemas.com.br\/?post_type=product&#038;p=419"},"modified":"2025-12-02T17:14:30","modified_gmt":"2025-12-02T17:14:30","slug":"ebook-homeopatia","status":"publish","type":"product","link":"https:\/\/ermessistemas.com.br\/en\/product\/ebook-homeopatia\/","title":{"rendered":"EBOOK  HOMEOPATIA"},"content":{"rendered":"<p data-path-to-node=\"4\"><span data-path-to-node=\"4,0\">Voc\u00ea est\u00e1 pronto para desvendar os mist\u00e9rios de uma das pr\u00e1ticas de sa\u00fade mais antigas e debatidas do mundo? <\/span><span data-path-to-node=\"4,2\"><span class=\"citation-47\">O E-book &#8220;Homeopatia &#8211; Introdu\u00e7\u00e3o&#8221; do Instituto Ermes \u00e9 o seu guia essencial e informativo para mergulhar nos fundamentos, na ci\u00eancia e na legisla\u00e7\u00e3o que regem esta Terapia Integrativa e Complementar (PIC)<\/span><\/span><span data-path-to-node=\"4,4\">.<\/span><\/p>\n<p data-path-to-node=\"5\"><b>O Que Voc\u00ea Aprender\u00e1 e Por Que Este E-book \u00e9 \u00danico:<\/b><\/p>\n<p data-path-to-node=\"6\"><span data-path-to-node=\"6,0\"><b>1. Os Princ\u00edpios Fundamentais (A Lei dos Semelhantes)<\/b> <\/span><span data-path-to-node=\"6,2\"><span class=\"citation-46\">Desvende o legado de Samuel Hahnemann (1755-1843) e o princ\u00edpio que revolucionou a medicina: <\/span><i><span class=\"citation-46\">Similia similibus curantur<\/span><\/i><span class=\"citation-46\"> (o semelhante cura o semelhante)<\/span><\/span><span data-path-to-node=\"6,4\">. <\/span><span data-path-to-node=\"6,6\"><span class=\"citation-45\">Entenda como as subst\u00e2ncias que causam sintomas em um indiv\u00edduo saud\u00e1vel podem ser usadas, em doses ultradiluidas, para estimular o sistema de cura natural do corpo<\/span><\/span><span data-path-to-node=\"6,8\">.<\/span><\/p>\n<p data-path-to-node=\"7\"><span data-path-to-node=\"7,0\"><b>2. A Ci\u00eancia da Dinamiza\u00e7\u00e3o e Pot\u00eancia<\/b> <\/span><span data-path-to-node=\"7,2\"><span class=\"citation-44\">Esque\u00e7a a ideia de &#8220;meras dilui\u00e7\u00f5es&#8221;<\/span><\/span><span data-path-to-node=\"7,4\">. <\/span><span data-path-to-node=\"7,6\"><span class=\"citation-43\">Descubra o processo met\u00f3dico de dilui\u00e7\u00e3o e sucuss\u00e3o (agita\u00e7\u00e3o) que Hahnemann chamou de Dinamiza\u00e7\u00e3o \u2014 o ato de despertar o poder medicinal din\u00e2mico, transformando a subst\u00e2ncia em um agente puramente energ\u00e9tico, e n\u00e3o bioqu\u00edmico<\/span><\/span><span data-path-to-node=\"7,8\">.<\/span><\/p>\n<ul data-path-to-node=\"8\">\n<li>\n<p data-path-to-node=\"8,0,0\"><span data-path-to-node=\"8,0,0,1\"><span class=\"citation-42\">Conhe\u00e7a as tr\u00eas escalas de dilui\u00e7\u00e3o: decimal (DH), centesimal (CH) e cinquenta-milesimal (LM ou Q)<\/span><\/span><span data-path-to-node=\"8,0,0,3\">.<\/span><\/p>\n<\/li>\n<li>\n<p data-path-to-node=\"8,1,0\"><span data-path-to-node=\"8,1,0,1\"><span class=\"citation-41\">Saiba quando utilizar dinamiza\u00e7\u00f5es baixas (para formas agudas) e altas (para enfermidades cr\u00f4nicas, emocionais e comportamentais)<\/span><\/span><span data-path-to-node=\"8,1,0,3\">.<\/span><\/p>\n<\/li>\n<\/ul>\n<p data-path-to-node=\"9\"><span data-path-to-node=\"9,0\"><b>3. Homeopatia no Contexto Brasileiro (Legisla\u00e7\u00e3o e SUS)<\/b> Este e-book n\u00e3o \u00e9 apenas te\u00f3rico, \u00e9 pr\u00e1tico para o profissional brasileiro! <\/span><span data-path-to-node=\"9,2\"><span class=\"citation-40\">Entenda o papel da Homeopatia como uma especialidade m\u00e9dica reconhecida pelo Conselho Federal de Medicina (CFM) desde 1980 <\/span><\/span><span data-path-to-node=\"9,5\"><span class=\"citation-39\">e sua inser\u00e7\u00e3o como PIC no Sistema \u00danico de Sa\u00fade (SUS)<\/span><\/span><span data-path-to-node=\"9,7\">.<\/span><\/p>\n<ul data-path-to-node=\"10\">\n<li>\n<p data-path-to-node=\"10,0,0\"><span data-path-to-node=\"10,0,0,1\"><span class=\"citation-38\">Compreenda o Gloss\u00e1rio do SUS, incluindo conceitos como &#8220;Diagn\u00f3stico Ampliado&#8221; e &#8220;Efic\u00e1cia&#8221;<\/span><\/span><span data-path-to-node=\"10,0,0,3\">.<\/span><\/p>\n<\/li>\n<li>\n<p data-path-to-node=\"10,1,0\"><span data-path-to-node=\"10,1,0,1\"><span class=\"citation-37\">Domine a import\u00e2ncia da Farmacopeia e Farmacot\u00e9cnica Homeop\u00e1tica Brasileira, que orientam a produ\u00e7\u00e3o de medicamentos no pa\u00eds<\/span><\/span><span data-path-to-node=\"10,1,0,3\">.<\/span><\/p>\n<\/li>\n<\/ul>\n<p data-path-to-node=\"11\"><span data-path-to-node=\"11,0\"><b>4. Aplica\u00e7\u00f5es Cl\u00ednicas e Vis\u00e3o Hol\u00edstica<\/b> <\/span><span data-path-to-node=\"11,2\"><span class=\"citation-36\">Aprenda a tratar o indiv\u00edduo como um todo, considerando as dimens\u00f5es f\u00edsica, psicol\u00f3gica, social e cultural, e n\u00e3o apenas a doen\u00e7a<\/span><\/span><span data-path-to-node=\"11,4\">. <\/span><span data-path-to-node=\"11,6\"><span class=\"citation-35\">O material inclui exemplos pr\u00e1ticos de medicamentos e pot\u00eancias para quadros de somatiza\u00e7\u00e3o, abcessos, cistite e diarreias agudas<\/span><\/span><span data-path-to-node=\"11,8\">.<\/span><\/p>\n<p data-path-to-node=\"13\">\u26a0\ufe0f <b>ALERTA E COMPROMISSO COM A SEGURAN\u00c7A:<\/b><\/p>\n<p data-path-to-node=\"14\"><span data-path-to-node=\"14,1\"><span class=\"citation-34\">Este material \u00e9 de natureza introdut\u00f3ria e educacional, focado em fornecer uma base para o entendimento da mat\u00e9ria e a necessidade de uma forma\u00e7\u00e3o universit\u00e1ria espec\u00edfica<\/span><\/span><span data-path-to-node=\"14,3\">.<\/span><\/p>\n<ul data-path-to-node=\"15\">\n<li>\n<p data-path-to-node=\"15,0,1\"><span data-path-to-node=\"15,0,1,0\"><b><span class=\"citation-33\">A Homeopatia \u00e9 uma terapia com efeitos marcantes.<\/span><\/b><span class=\"citation-33\"> O e-book refor\u00e7a que a indica\u00e7\u00e3o irrespons\u00e1vel, por leigos ou indiv\u00edduos n\u00e3o credenciados, pode causar grandes danos \u00e0 sa\u00fade<\/span><\/span><span data-path-to-node=\"15,0,1,2\">.<\/span><\/p>\n<p data-path-to-node=\"15,1,1\"><span data-path-to-node=\"15,1,1,0\"><b><span class=\"citation-32\">O exerc\u00edcio ilegal da medicina homeop\u00e1tica \u00e9 crime<\/span><\/b><\/span><span data-path-to-node=\"15,1,1,2\">.<\/span><\/p>\n<p data-path-to-node=\"15,2,1\"><span data-path-to-node=\"15,2,1,0\"><b><span class=\"citation-31\">As terapias alternativas n\u00e3o substituem o uso da medica\u00e7\u00e3o alop\u00e1tica<\/span><\/b><span class=\"citation-31\"> ou o tratamento cl\u00ednico indicado pelo m\u00e9dico, que deve ser priorizado<\/span><\/span><span data-path-to-node=\"15,2,1,2\">.<\/span><\/p>\n<div class=\"source-inline-chip-container ng-star-inserted\">Este e-book \u00e9 ideal para estudantes de cursos na \u00e1rea da sa\u00fade e PICS que buscam uma base s\u00f3lida, t\u00e9cnica e legalmente informada sobre a Homeopatia. <b>Adquira agora e inicie sua jornada para uma compreens\u00e3o profunda desta fascinante ci\u00eancia!<\/b><\/div>\n<\/li>\n<\/ul>","protected":false},"excerpt":{"rendered":"<p data-path-to-node=\"20\"><b>E-book Homeopatia Introdu\u00e7\u00e3o | Fundamentos, PICS e Legisla\u00e7\u00e3o<\/b><\/p>\n<p data-path-to-node=\"21\"><span data-path-to-node=\"21,1\"><span class=\"citation-30\">O guia essencial do Instituto Ermes para quem deseja dominar os princ\u00edpios da Homeopatia<\/span><\/span><span data-path-to-node=\"21,3\">. <\/span><span data-path-to-node=\"21,5\"><span class=\"citation-29\">Este e-book aborda a Lei dos Semelhantes de Samuel Hahnemann <\/span><\/span><span data-path-to-node=\"21,8\"><span class=\"citation-28\">, as t\u00e9cnicas de dinamiza\u00e7\u00e3o (dilui\u00e7\u00f5es decimal, centesimal e cinquenta-milesimal) <\/span><\/span><span data-path-to-node=\"21,11\"><span class=\"citation-27\">, o contexto legal das Pr\u00e1ticas Integrativas e Complementares (PICS) no SUS <\/span><\/span><span data-path-to-node=\"21,14\"><span class=\"citation-26\">e a Farmacopeia Brasileira<\/span><\/span><span data-path-to-node=\"21,16\">.<\/span><\/p>\n<p data-path-to-node=\"22\"><span data-path-to-node=\"22,1\"><span class=\"citation-25\">Ideal para estudantes e terapeutas que buscam conhecimento t\u00e9cnico e legal, com exemplos de aplica\u00e7\u00f5es cl\u00ednicas para quadros agudos e cr\u00f4nicos<\/span><\/span><span data-path-to-node=\"22,3\">.<\/span><\/p>\n<p data-path-to-node=\"24\"><span data-path-to-node=\"24,0\"><b><i><span class=\"citation-24\">Aten\u00e7\u00e3o:<\/span><\/i><\/b> <i><span class=\"citation-24\">Este \u00e9 um material educacional introdut\u00f3rio e n\u00e3o substitui a forma\u00e7\u00e3o universit\u00e1ria espec\u00edfica ou o tratamento m\u00e9dico convencional<\/span><\/i><\/span><span data-path-to-node=\"24,2\">.<\/span><\/p>","protected":false},"featured_media":439,"comment_status":"open","ping_status":"closed","template":"","meta":{"_joinchat":[]},"product_cat":[24,32],"product_tag":[],"class_list":["post-419","product","type-product","status-publish","has-post-thumbnail","hentry","product_cat-sem-categoria","product_cat-novos-ebooks"],"_links":{"self":[{"href":"https:\/\/ermessistemas.com.br\/en\/wp-json\/wp\/v2\/product\/419","targetHints":{"allow":["GET"]}}],"collection":[{"href":"https:\/\/ermessistemas.com.br\/en\/wp-json\/wp\/v2\/product"}],"about":[{"href":"https:\/\/ermessistemas.com.br\/en\/wp-json\/wp\/v2\/types\/product"}],"replies":[{"embeddable":true,"href":"https:\/\/ermessistemas.com.br\/en\/wp-json\/wp\/v2\/comments?post=419"}],"wp:featuredmedia":[{"embeddable":true,"href":"https:\/\/ermessistemas.com.br\/en\/wp-json\/wp\/v2\/media\/439"}],"wp:attachment":[{"href":"https:\/\/ermessistemas.com.br\/en\/wp-json\/wp\/v2\/media?parent=419"}],"wp:term":[{"taxonomy":"product_cat","embeddable":true,"href":"https:\/\/ermessistemas.com.br\/en\/wp-json\/wp\/v2\/product_cat?post=419"},{"taxonomy":"product_tag","embeddable":true,"href":"https:\/\/ermessistemas.com.br\/en\/wp-json\/wp\/v2\/product_tag?post=419"}],"curies":[{"name":"wp","href":"https:\/\/api.w.org\/{rel}","templated":true}]}}