{"id":133,"date":"2022-08-08T19:37:49","date_gmt":"2022-08-08T19:37:49","guid":{"rendered":"http:\/\/ermessistemas-com-br.preview-domain.com\/?post_type=product&#038;p=133"},"modified":"2025-12-02T16:22:57","modified_gmt":"2025-12-02T16:22:57","slug":"curso-do-metodo-ermes-bioenergetica","status":"publish","type":"product","link":"https:\/\/ermessistemas.com.br\/en\/product\/curso-do-metodo-ermes-bioenergetica\/","title":{"rendered":"Curso do m\u00e9todo ermes bioenerg\u00e9tica &#8211; Aula 01"},"content":{"rendered":"<p><strong>O QUE O ALUNO VAI APRENDER:<\/strong><strong>\u00a0<\/strong><\/p>\n<p>A USAR A ENERGIA ELETROMAGN\u00c9TICA, QUE \u00c9 UMA FONTE PARA CONSEGUIR A CURA DOS SINTOMAS QUE O ORGANISMO PODE TER EM CONSEQ\u00dc\u00caNCIA DE PALPITA\u00c7\u00d5ES E DIST\u00daRBIOS, F\u00cdSICOS, MENTAIS E EMOCIONAIS CAUSADOS POR VERMES, V\u00cdRUS, BACT\u00c9RIAS, FUNGOS.<\/p>\n<p>ATRAV\u00c9S DAS APOSTILAS O ALUNO VAI APRENDER A FAZER ATENDIMENTOS TERAP\u00caUTICOS DE BIOENERG\u00c9TICA E POR <em>PERGUNTAS E RESPOSTAS NO FORMATO DO SPA VIRTUAL.<\/em><\/p>\n<p>UMA FORMA DE EXPANDIR O OLHAR PARA LONGE E PERCEBER A GRANDEZA QUE \u00c9 A VIDA.<\/p>\n<p><strong>\u00a0P\u00daBLICO ALVO:<\/strong><strong>\u00a0<\/strong><\/p>\n<p>O PUBLICO ALVO PODE SER PARA ATENDIMENTO FAMILIAR OU COMERCIAL.<\/p>\n<p><strong>REQUISITOS\/INSTRU\u00c7\u00d5ES<\/strong><\/p>\n<p><strong>REQUISITOS:<\/strong><\/p>\n<p>LER E ESCREVER.<\/p>\n<p><strong>INSTRU\u00c7\u00d5ES: <\/strong><\/p>\n<p>QUALQUER PESSOA QUE QUEIRA TER UMA FORMA\u00c7\u00c3O PARA EXERCER A ATIVIDADE DE TERAPEUTA OU SER INSTRUTOR DO M\u00c9TODO.<\/p>\n<p>&nbsp;<\/p>\n<p>&nbsp;<\/p>","protected":false},"excerpt":{"rendered":"<p>O QUE O ALUNO VAI APRENDER:\u00a0 A USAR A ENERGIA ELETROMAGN\u00c9TICA, QUE \u00c9 UMA FONTE PARA CONSEGUIR A CURA DOS SINTOMAS QUE O ORGANISMO PODE TER EM CONSEQ\u00dc\u00caNCIA DE PALPITA\u00c7\u00d5ES &hellip; <\/p>","protected":false},"featured_media":288,"comment_status":"open","ping_status":"closed","template":"","meta":{"_joinchat":[]},"product_cat":[24,31],"product_tag":[],"class_list":["post-133","product","type-product","status-publish","has-post-thumbnail","hentry","product_cat-sem-categoria","product_cat-metodo-ermes"],"_links":{"self":[{"href":"https:\/\/ermessistemas.com.br\/en\/wp-json\/wp\/v2\/product\/133","targetHints":{"allow":["GET"]}}],"collection":[{"href":"https:\/\/ermessistemas.com.br\/en\/wp-json\/wp\/v2\/product"}],"about":[{"href":"https:\/\/ermessistemas.com.br\/en\/wp-json\/wp\/v2\/types\/product"}],"replies":[{"embeddable":true,"href":"https:\/\/ermessistemas.com.br\/en\/wp-json\/wp\/v2\/comments?post=133"}],"wp:featuredmedia":[{"embeddable":true,"href":"https:\/\/ermessistemas.com.br\/en\/wp-json\/wp\/v2\/media\/288"}],"wp:attachment":[{"href":"https:\/\/ermessistemas.com.br\/en\/wp-json\/wp\/v2\/media?parent=133"}],"wp:term":[{"taxonomy":"product_cat","embeddable":true,"href":"https:\/\/ermessistemas.com.br\/en\/wp-json\/wp\/v2\/product_cat?post=133"},{"taxonomy":"product_tag","embeddable":true,"href":"https:\/\/ermessistemas.com.br\/en\/wp-json\/wp\/v2\/product_tag?post=133"}],"curies":[{"name":"wp","href":"https:\/\/api.w.org\/{rel}","templated":true}]}}